{"id":44,"date":"2016-06-07T16:45:22","date_gmt":"2016-06-07T14:45:22","guid":{"rendered":"http:\/\/www.dr-franz-ploder.at\/?page_id=44"},"modified":"2018-08-31T10:01:33","modified_gmt":"2018-08-31T08:01:33","slug":"willkommen","status":"publish","type":"page","link":"https:\/\/www.dr-franz-ploder.at\/","title":{"rendered":"Willkommen!"},"content":{"rendered":"<p><img loading=\"lazy\" class=\"alignleft wp-image-177 size-full\" src=\"http:\/\/www.dr-franz-ploder.at\/wp-content\/uploads\/2018\/08\/Ploder-Gruppenfoto.jpg\" alt=\"\" width=\"800\" height=\"533\" srcset=\"https:\/\/www.dr-franz-ploder.at\/wp-content\/uploads\/2018\/08\/Ploder-Gruppenfoto.jpg 800w, https:\/\/www.dr-franz-ploder.at\/wp-content\/uploads\/2018\/08\/Ploder-Gruppenfoto-300x200.jpg 300w, https:\/\/www.dr-franz-ploder.at\/wp-content\/uploads\/2018\/08\/Ploder-Gruppenfoto-768x512.jpg 768w, https:\/\/www.dr-franz-ploder.at\/wp-content\/uploads\/2018\/08\/Ploder-Gruppenfoto-330x220.jpg 330w\" sizes=\"(max-width: 800px) 100vw, 800px\" \/><\/p>\n<p>&nbsp;<\/p>\n<p>Wir begr\u00fc\u00dfen Sie auf der Homepage der Ordination Dr. Franz Ploder in Stein an der Enns!<\/p>\n<p>Bei Dienstbereitschaft siehe <a href=\"http:\/\/www.styriamed.net\/bereitschaftsdienste\/\" target=\"_blank\" rel=\"noopener\">styriamed.net<\/a> oder unter Telefon 141 (Auskunft der \u00c4rtzekammer).<br \/>\nIn dringenden F\u00e4llen erfahren Sie unter Telefon 03685 2432-0 eine Verbindungsm\u00f6glichkeit.<\/p>\n<p><a href=\"http:\/\/www.styriamed.net\" target=\"_blank\" rel=\"noopener\"><img loading=\"lazy\" class=\"alignnone wp-image-100\" src=\"http:\/\/www.dr-franz-ploder.at\/wp-content\/uploads\/2016\/06\/styriamed_logo.png\" alt=\"Logo styriamed.net\" width=\"218\" height=\"48\" \/><\/a><\/p>\n","protected":false},"excerpt":{"rendered":"<p>&nbsp; Wir begr\u00fc\u00dfen Sie auf der Homepage der Ordination Dr. Franz Ploder in Stein an der Enns! Bei Dienstbereitschaft siehe styriamed.net oder unter Telefon 141 (Auskunft der \u00c4rtzekammer). In dringenden F\u00e4llen erfahren Sie unter Telefon 03685 2432-0 eine Verbindungsm\u00f6glichkeit.<\/p>\n","protected":false},"author":1,"featured_media":0,"parent":0,"menu_order":0,"comment_status":"closed","ping_status":"closed","template":"","meta":[],"_links":{"self":[{"href":"https:\/\/www.dr-franz-ploder.at\/index.php\/wp-json\/wp\/v2\/pages\/44"}],"collection":[{"href":"https:\/\/www.dr-franz-ploder.at\/index.php\/wp-json\/wp\/v2\/pages"}],"about":[{"href":"https:\/\/www.dr-franz-ploder.at\/index.php\/wp-json\/wp\/v2\/types\/page"}],"author":[{"embeddable":true,"href":"https:\/\/www.dr-franz-ploder.at\/index.php\/wp-json\/wp\/v2\/users\/1"}],"replies":[{"embeddable":true,"href":"https:\/\/www.dr-franz-ploder.at\/index.php\/wp-json\/wp\/v2\/comments?post=44"}],"version-history":[{"count":5,"href":"https:\/\/www.dr-franz-ploder.at\/index.php\/wp-json\/wp\/v2\/pages\/44\/revisions"}],"predecessor-version":[{"id":212,"href":"https:\/\/www.dr-franz-ploder.at\/index.php\/wp-json\/wp\/v2\/pages\/44\/revisions\/212"}],"wp:attachment":[{"href":"https:\/\/www.dr-franz-ploder.at\/index.php\/wp-json\/wp\/v2\/media?parent=44"}],"curies":[{"name":"wp","href":"https:\/\/api.w.org\/{rel}","templated":true}]}}