{"id":26,"date":"2016-06-07T15:23:27","date_gmt":"2016-06-07T13:23:27","guid":{"rendered":"http:\/\/www.dr-franz-ploder.at\/?page_id=26"},"modified":"2016-06-23T10:46:07","modified_gmt":"2016-06-23T08:46:07","slug":"angebote","status":"publish","type":"page","link":"https:\/\/www.dr-franz-ploder.at\/index.php\/angebote\/","title":{"rendered":"Angebote"},"content":{"rendered":"<h2>Allgemeinmedizin<\/h2>\n<ul>\n<li>Blutabnahme<br \/>\nDienstag und Donnerstag bis 8:00 Uhr (Labor Dr. Schenk, Hygiene Graz, Schilddr\u00fcsenambulanz Schwarzach, weitere nach R\u00fccksprache)<\/li>\n<li>Hausbesuche<br \/>\nAnmeldung bis 10:00 Uhr des jeweiligen Tages<\/li>\n<li>Infusionstherapie<\/li>\n<li>Wundversorgung (auch chronische Wunden)<\/li>\n<li>Entfernung von Muttermalen (nach vorheriger R\u00fccksprache)<\/li>\n<li>Blutzuckertagesprofil<\/li>\n<\/ul>\n<h2>Manuelle Medizin<\/h2>\n<p>Behandlung von Blockierungen der Wirbels\u00e4ule, der Gelenke, Arme und Beine.<\/p>\n<h2>Neuraltherapie<\/h2>\n<p>Form der Schmerztherapie (mit Spritzen) zum Beseitigen von St\u00f6rfeldern.<\/p>\n<h2>Akupunktur<\/h2>\n<h2>Homotoxikologie<\/h2>\n<p>Abk\u00f6mmling der Hom\u00f6opathie, Infektbehandlung ohne Antibiotika m\u00f6glich.<\/p>\n<h2>Mikroimmuntherapie<\/h2>\n<p>Ebenfalls ein Abk\u00f6mmling der Hom\u00f6opathie, Behandlung von chronischen, meist viralen Infekten, Einflussnahme \u00fcber das Immunsystem.<\/p>\n<h2>Mutter-Kind-Pass-Untersuchung<\/h2>\n<p>einschlie\u00dflich Glucosetoleranztest (kapill\u00e4r)<\/p>\n<h2>F\u00fchrerscheinuntersuchung<\/h2>\n<p>Bitte amtlichen Lichtbildausweis, Brille und Brillenpass bzw. Kontaktlinsen mitbringen.<br \/>\nLaut Gesetz NICHT beim Hausarzt m\u00f6glich.<\/p>\n<h4>Preise (amtlich festgelegt)<\/h4>\n<ul>\n<li>f\u00fcr Gruppe A,B,E zu B und F \u20ac 35,-<\/li>\n<li>f\u00fcr Gruppe C, E zu C und D \u20ac 50,-<\/li>\n<li>Wiederholungsuntersuchung f\u00fcr LKW \u20ac 30,-<\/li>\n<\/ul>\n<h2>Vorsorgeuntersuchung<\/h2>\n<ul>\n<li>Impfpass mitbringen!<\/li>\n<li>Anmeldung und Terminvergabe in der Ordination.<\/li>\n<li>Vorsorgeuntersuchung bei uns immer mit EKG und Lungenfunktion<\/li>\n<\/ul>\n<h2>Schuluntersuchungen<\/h2>\n","protected":false},"excerpt":{"rendered":"<p>Allgemeinmedizin Blutabnahme Dienstag und Donnerstag bis 8:00 Uhr (Labor Dr. Schenk, Hygiene Graz, Schilddr\u00fcsenambulanz Schwarzach, weitere nach R\u00fccksprache) Hausbesuche Anmeldung bis 10:00 Uhr des jeweiligen Tages Infusionstherapie Wundversorgung (auch chronische Wunden) Entfernung von Muttermalen (nach vorheriger R\u00fccksprache) Blutzuckertagesprofil Manuelle Medizin Behandlung von Blockierungen der Wirbels\u00e4ule, der Gelenke, Arme und Beine. Neuraltherapie Form der Schmerztherapie (mit [&hellip;]<\/p>\n","protected":false},"author":1,"featured_media":0,"parent":0,"menu_order":0,"comment_status":"closed","ping_status":"closed","template":"","meta":[],"_links":{"self":[{"href":"https:\/\/www.dr-franz-ploder.at\/index.php\/wp-json\/wp\/v2\/pages\/26"}],"collection":[{"href":"https:\/\/www.dr-franz-ploder.at\/index.php\/wp-json\/wp\/v2\/pages"}],"about":[{"href":"https:\/\/www.dr-franz-ploder.at\/index.php\/wp-json\/wp\/v2\/types\/page"}],"author":[{"embeddable":true,"href":"https:\/\/www.dr-franz-ploder.at\/index.php\/wp-json\/wp\/v2\/users\/1"}],"replies":[{"embeddable":true,"href":"https:\/\/www.dr-franz-ploder.at\/index.php\/wp-json\/wp\/v2\/comments?post=26"}],"version-history":[{"count":5,"href":"https:\/\/www.dr-franz-ploder.at\/index.php\/wp-json\/wp\/v2\/pages\/26\/revisions"}],"predecessor-version":[{"id":122,"href":"https:\/\/www.dr-franz-ploder.at\/index.php\/wp-json\/wp\/v2\/pages\/26\/revisions\/122"}],"wp:attachment":[{"href":"https:\/\/www.dr-franz-ploder.at\/index.php\/wp-json\/wp\/v2\/media?parent=26"}],"curies":[{"name":"wp","href":"https:\/\/api.w.org\/{rel}","templated":true}]}}